{"id":1386,"date":"2017-09-08T14:44:54","date_gmt":"2017-09-08T14:44:54","guid":{"rendered":"https:\/\/advice-consulting.it\/home-3-2\/"},"modified":"2021-11-24T07:58:24","modified_gmt":"2021-11-24T07:58:24","slug":"home-3-2-2","status":"publish","type":"page","link":"https:\/\/advice-consulting.it\/en\/home-3-2-2\/","title":{"rendered":"Home 3"},"content":{"rendered":"<p><\/p>\n<h2 style=\"text-align: center;\"><span class=\"s1\">From seeds to <\/span><span class=\"s2\">smiles.<\/span><\/h2>\n<p><\/p>\n<p class=\"p1\"><span class=\"s1\">From seeds to <\/span><span class=\"s2\">smiles<\/span><span class=\"s1\"> and it&#8217;s not just our slogan, it is our mission. Because A&amp;C was founded to hold you by the hand through the process of your company growth, ensuring you maximum satisfaction and economic benefits within the shortest term. The goal that A&amp;C sets for itself is to support and guide the work of agricultural enterprises through targeted assistance and to order. A&amp;C designs and builds your business, protecting it against missteps and unnecessary loss of time and money.<\/span><\/p>\n<p><\/p>\n<h2 style=\"font-weight: 300; text-align: center; color: #ffffff;\"><\/h2>\n<h2 style=\"font-weight: 300; text-align: center; color: #ffffff;\"><\/h2>\n<h2 style=\"font-weight: 300; text-align: center; color: #ffffff;\">WHO SMILE WITH US<\/h2>\n<p><br \/>\n<img decoding=\"async\" class=\"wp-image-1366 aligncenter\" src=\"https:\/\/advice-consulting.it\/wp-content\/uploads\/2018\/05\/ru.gif\" alt=\"\" width=\"100\" height=\"67\" \/><\/p>\n<p class=\"p1\">&#8220;Conosciamo da tanto tempo il direttore di Advice&amp;Consulting, Alexandra Caminschi. Competenza, professionalit\u00e0, puntualit\u00e0e disponibilit\u00e0 a trovare sempre la soluzione migliore, anche per il cliente pi\u00f9 esigente, fanno di Alexandra e il suo team un vero business partner.&#8221;<\/p>\n<p><br \/>\n<img decoding=\"async\" class=\"wp-image-1364 aligncenter\" src=\"https:\/\/advice-consulting.it\/wp-content\/uploads\/2018\/05\/az.gif\" alt=\"\" width=\"100\" height=\"50\" \/><\/p>\n<p class=\"p1\">&#8220;Metak esprime gratitudine ad Advice&amp;Consulting per la collaborazione proficua. A&amp;C ci ha fatto da guida nel mondo dell&#8217;agrotecnica italiana. Il team di A&amp;C ha dimostrato di essere professionale, hanno adempito agli impegni con una produttivit\u00e0 ed efficienza molto alta.&#8221;<\/p>\n<p><br \/>\n<img decoding=\"async\" class=\"wp-image-1365 aligncenter\" src=\"https:\/\/advice-consulting.it\/wp-content\/uploads\/2018\/05\/kz.gif\" alt=\"\" width=\"100\" height=\"50\" \/><\/p>\n<p class=\"p1\">&#8220;<span class=\"s1\">Advice&amp;Consulting \u00e8 un team di professionisti eccellenti che con competenza, pazienza e dedizione supportano le aziende in tutta la filiera agroalimentare. A&amp;C si \u00e8 rivelata un partner per il servizio di consulenza assolutamente fidato.<\/span>&#8220;<\/p>\n<p><br \/>\n<img decoding=\"async\" class=\"wp-image-1365 aligncenter\" src=\"https:\/\/advice-consulting.it\/wp-content\/uploads\/2018\/05\/kz.gif\" alt=\"\" width=\"100\" height=\"50\" \/><\/p>\n<p class=\"p1\">&#8220;&#8230;vogliamo sottolineare che tutto il team di <span class=\"s1\">A&amp;C<\/span> \u00e8 professionale, gentile, sempre disponibile alle nostre domande e pronto ad aiutarci in ogni situazione. Amal Bio si augura di proseguire questa collaborazione anche in futuro.&#8221;<\/p>\n<p><br \/>\n<img decoding=\"async\" class=\"wp-image-1362 aligncenter\" src=\"https:\/\/advice-consulting.it\/wp-content\/uploads\/2018\/05\/uz.gif\" alt=\"\" width=\"100\" height=\"50\" \/><\/p>\n<p class=\"p1\">&#8220;<span class=\"s1\">Per noi \u00e8 un piacere lavorare con A<\/span><span class=\"s2\">&amp;C<\/span><span class=\"s1\">, abbiamo sempre pieno supporto ai progetti in corso, tutte le nostre richieste vengono trattate con prontezza ed efficacia. Attenzione al cliente, disponibilit\u00e0, professionalit\u00e0: sono queste le stelle vincenti di <\/span><span class=\"s2\">A&amp;C<\/span><span class=\"s1\">. <\/span>&#8220;<\/p>\n<p><br \/>\n<img decoding=\"async\" class=\"wp-image-1363 aligncenter\" src=\"https:\/\/advice-consulting.it\/wp-content\/uploads\/2018\/05\/md.gif\" alt=\"\" width=\"100\" height=\"50\" \/><\/p>\n<p class=\"p1\">&#8220;Siamo lieti di collaborare con Advice&amp;Consulting, perch\u00e9 riteniamo che abbia molti punti di forza e un grande potenziale di crescita. Una squadra ambiziosa, competente, professionale e responsabile. Vi auguriamo successo duraturo e tanti clienti.&#8221;<\/p>\n<p><\/p>\n<h2 style=\"text-align: center;\">LATEST NEWS FROM SOCIAL A&amp;C<\/h2>\n<p><\/p>\n<!-- The Grid Plugin Version 2.7.9.5 --><div class=\"tg-error-msg\" data-grid-name=\"Maren ru 2\">No content was found.<\/div>\n<p><\/p>\n","protected":false},"excerpt":{"rendered":"<p>From seeds to smiles. From seeds to smiles and it&#8217;s not just our slogan, it is our mission. Because A&amp;C [&hellip;]<\/p>\n","protected":false},"author":1,"featured_media":0,"parent":0,"menu_order":0,"comment_status":"closed","ping_status":"open","template":"","meta":{"footnotes":""},"class_list":["post-1386","page","type-page","status-publish","format-standard","hentry"],"_links":{"self":[{"href":"https:\/\/advice-consulting.it\/en\/wp-json\/wp\/v2\/pages\/1386"}],"collection":[{"href":"https:\/\/advice-consulting.it\/en\/wp-json\/wp\/v2\/pages"}],"about":[{"href":"https:\/\/advice-consulting.it\/en\/wp-json\/wp\/v2\/types\/page"}],"author":[{"embeddable":true,"href":"https:\/\/advice-consulting.it\/en\/wp-json\/wp\/v2\/users\/1"}],"replies":[{"embeddable":true,"href":"https:\/\/advice-consulting.it\/en\/wp-json\/wp\/v2\/comments?post=1386"}],"version-history":[{"count":3,"href":"https:\/\/advice-consulting.it\/en\/wp-json\/wp\/v2\/pages\/1386\/revisions"}],"predecessor-version":[{"id":5528,"href":"https:\/\/advice-consulting.it\/en\/wp-json\/wp\/v2\/pages\/1386\/revisions\/5528"}],"wp:attachment":[{"href":"https:\/\/advice-consulting.it\/en\/wp-json\/wp\/v2\/media?parent=1386"}],"curies":[{"name":"wp","href":"https:\/\/api.w.org\/{rel}","templated":true}]}}